{"id":2361,"date":"2026-03-18T14:57:48","date_gmt":"2026-03-18T14:57:48","guid":{"rendered":"https:\/\/cicd2026.klik-studio.fr\/?page_id=2361"},"modified":"2026-03-31T09:14:14","modified_gmt":"2026-03-31T09:14:14","slug":"la-societe","status":"publish","type":"page","link":"https:\/\/cicd2026.klik-studio.fr\/?page_id=2361","title":{"rendered":"La soci\u00e9t\u00e9"},"content":{"rendered":"<\/p>\n<h1>La soci\u00e9t\u00e9<\/h1>\n<div>\n<div class=\"et_pb_module et_pb_text et_pb_text_1  et_pb_text_align_left et_pb_bg_layout_light\" style=\"box-sizing: border-box; margin: 0px 0px 23.4062px; padding: 0px; border: 0px; outline: 0px; font-size: 15px; text-size-adjust: 100%; vertical-align: baseline; background-image: initial; background-position: 50% center; background-size: cover; background-repeat: no-repeat; background-attachment: initial; background-origin: initial; background-clip: initial; position: relative; animation-timing-function: linear; animation-duration: 0.2s; overflow-wrap: break-word; color: #0d0d54; font-family: Montserrat, Helvetica, Arial, Lucida, sans-serif;\">\n<div class=\"et_pb_text_inner\" style=\"box-sizing: border-box; margin: 0px; padding: 0px; border: 0px; outline: 0px; text-size-adjust: 100%; vertical-align: baseline; background: transparent; position: relative;\">\n<p style=\"box-sizing: border-box; margin: 0px; padding: 0px; border: 0px; outline: 0px; text-size-adjust: 100%; vertical-align: baseline; background: transparent;\">Lorem ipsum dolor sit amet, consectetur adipiscing elit. Sed non risus. Suspendisse lectus tortor, dignissim sit amet, adipiscing nec, ultricies sed, dolor.<br data-start=\"254\" data-end=\"257\" \/>Cras elementum ultrices diam. Maecenas ligula massa, varius a, semper congue, euismod non, mi.<\/p>\n<\/div>\n<\/div>\n<\/div>\n<p><p>\n        <a href=\"\/?page_id=4\">L&rsquo;\u00e9quipe<\/a>\n    <\/p>\n<\/p>\n<ul>\n<li>\n<p>        <img decoding=\"async\" src=\"\/wp-content\/uploads\/yootheme\/demo\/blog-post-customer-stories-ambitech-intro.jpg\" alt=\"\"><\/p>\n<\/li>\n<li>\n<p>        <img decoding=\"async\" src=\"\/wp-content\/uploads\/yootheme\/demo\/blog-post-customer-stories-omega-intro.jpg\" alt=\"\"><\/p>\n<\/li>\n<li>\n<p>        <img decoding=\"async\" src=\"\/wp-content\/uploads\/yootheme\/demo\/blog-post-6-routines-every-saas-product-marketer-should-know-intro.jpg\" alt=\"\"><\/p>\n<\/li>\n<\/ul>\n<p><img decoding=\"async\" src=\"\/wp-content\/uploads\/yootheme\/demo\/background-square-03.png\" alt=\"\"><br \/>\n<img decoding=\"async\" src=\"\/wp-content\/uploads\/yootheme\/demo\/background-square-01.png\" alt=\"\"><\/p>\n<h2>Made in Normandie<\/h2>\n<div>\n<p>CICD est situ\u00e9e \u00e0 Bretteville sur Odon (14)<\/p>\n<\/div>\n<ul>\n<li>\n<p>        <img decoding=\"async\" src=\"\/wp-content\/uploads\/yootheme\/demo\/about-impressions-01.jpg\" alt=\"\"><\/p>\n<\/li>\n<li>\n<p>        <img decoding=\"async\" src=\"\/wp-content\/uploads\/yootheme\/demo\/about-impressions-02.jpg\" alt=\"\"><\/p>\n<\/li>\n<li>\n<p>        <img decoding=\"async\" src=\"\/wp-content\/uploads\/yootheme\/demo\/about-impressions-03.jpg\" alt=\"\"><\/p>\n<\/li>\n<li>\n<p>        <img decoding=\"async\" src=\"\/wp-content\/uploads\/yootheme\/demo\/about-impressions-04.jpg\" alt=\"\"><\/p>\n<\/li>\n<\/ul>\n<div>\n<p style=\"text-align: center;\">Petit texte descriptif sur le r\u00f4le de la r\u00e9gion dont tu m&rsquo;avais parl\u00e9.<\/p>\n<\/div>\n<h2>Rayonnement<span style=\"color: #6300ff;\"> \u00e0 l&rsquo;internationnal<\/span><\/h2>\n<p><img decoding=\"async\" src=\"\/wp-content\/uploads\/2026\/03\/Fichier-2@2x.webp\" alt=\"\"><\/p>\n<p><p>\n        <a href=\"#\">Asie<\/a>\n    <\/p>\n<\/p>\n<p><img decoding=\"async\" src=\"\/wp-content\/uploads\/2026\/03\/Afrique@2x.webp\" alt=\"\"><\/p>\n<p><p>\n        <a href=\"#\">Afrique<\/a>\n    <\/p>\n<\/p>\n<p><img decoding=\"async\" src=\"\/wp-content\/uploads\/2026\/03\/amerique-sud@2x.webp\" alt=\"\"><\/p>\n<p><p>\n        <a href=\"#\">Am\u00e9rique du sud<\/a>\n    <\/p>\n<\/p>\n<h2>L&rsquo;\u00e9quipe<\/h2>\n<div>\n<p>CICD est une PME locale de 37 collaborateurs exp\u00e9riment\u00e9s<\/p>\n<\/div>\n<ul>\n<li>\n<p>        <img decoding=\"async\" src=\"\/wp-content\/uploads\/yootheme\/demo\/blog-post-customer-stories-fullstack-intro.jpg\" alt=\"\"><\/p>\n<h3>Camille<\/h3>\n<p>Poste occup\u00e9<\/p>\n<div>\n<p>Pellentesque euismod, nunc at tincidunt tincidunt, risus libero lacinia nunc, sit amet cursus purus odio a justo. Integer non sapien ac urna tincidunt sollicitudin.<\/p>\n<\/div>\n<\/li>\n<li>\n<p>        <img decoding=\"async\" src=\"\/wp-content\/uploads\/yootheme\/demo\/blog-post-customer-stories-fullstack-intro.jpg\" alt=\"\"><\/p>\n<h3>Camille<\/h3>\n<p>Poste occup\u00e9<\/p>\n<div>\n<p>Pellentesque euismod, nunc at tincidunt tincidunt, risus libero lacinia nunc, sit amet cursus purus odio a justo. Integer non sapien ac urna tincidunt sollicitudin.<\/p>\n<\/div>\n<\/li>\n<li>\n<p>        <img decoding=\"async\" src=\"\/wp-content\/uploads\/yootheme\/demo\/blog-post-customer-stories-fullstack-intro.jpg\" alt=\"\"><\/p>\n<h3>Camille<\/h3>\n<p>Poste occup\u00e9<\/p>\n<div>\n<p>Pellentesque euismod, nunc at tincidunt tincidunt, risus libero lacinia nunc, sit amet cursus purus odio a justo. Integer non sapien ac urna tincidunt sollicitudin.<\/p>\n<\/div>\n<\/li>\n<li>\n<p>        <img decoding=\"async\" src=\"\/wp-content\/uploads\/yootheme\/demo\/blog-post-customer-stories-fullstack-intro.jpg\" alt=\"\"><\/p>\n<h3>Camille<\/h3>\n<p>Poste occup\u00e9<\/p>\n<div>\n<p>Pellentesque euismod, nunc at tincidunt tincidunt, risus libero lacinia nunc, sit amet cursus purus odio a justo. Integer non sapien ac urna tincidunt sollicitudin.<\/p>\n<\/div>\n<\/li>\n<\/ul>\n<h2>Vous souhaitez rejoindre l&rsquo;\u00e9quipe ?<\/h2>\n<p><p>\n        <a href=\"\/?page_id=3#open-positions\">Contactez-nous<\/a>\n    <\/p>\n<\/p>\n<hr>\n<p><!--more--><br \/>\n<!-- {\"type\":\"layout\",\"children\":[{\"type\":\"section\",\"props\":{\"animation\":\"slide-bottom-medium\",\"animation_delay\":\"100\",\"header_transparent\":true,\"header_transparent_text_color\":\"dark\",\"image_position\":\"center-center\",\"padding_top\":\"large\",\"style\":\"default\",\"title_breakpoint\":\"xl\",\"title_position\":\"top-left\",\"title_rotation\":\"left\",\"vertical_align\":\"\",\"width\":\"default\"},\"children\":[{\"type\":\"row\",\"props\":{\"column_gap\":\"large\",\"layout\":\"2-5,3-5\",\"margin_bottom\":\"remove\",\"margin_top\":\"remove\",\"row_gap\":\"large\"},\"children\":[{\"type\":\"column\",\"props\":{\"image_position\":\"center-center\",\"position_sticky_breakpoint\":\"m\",\"vertical_align\":\"middle\",\"width_medium\":\"2-5\"},\"children\":[{\"type\":\"subnav\",\"props\":{\"position\":\"relative\",\"position_z_index\":\"1\",\"show_image\":true,\"text_align\":\"left\",\"text_align_breakpoint\":\"m\",\"text_align_fallback\":\"center\"},\"children\":[{\"type\":\"subnav_item\",\"source\":{\"query\":{\"name\":\"customMenuItems\",\"arguments\":{\"id\":10,\"parent\":\"\",\"heading\":\"\",\"include_heading\":true}},\"props\":{\"content\":{\"filters\":{\"search\":\"\"},\"name\":\"title\"},\"link\":{\"filters\":{\"search\":\"\"},\"name\":\"url\"},\"active\":{\"filters\":{\"search\":\"\"},\"name\":\"active\"}}}}]},{\"type\":\"headline\",\"props\":{\"block_align_breakpoint\":\"m\",\"block_align_fallback\":\"center\",\"content\":\"La soci\u00e9t\u00e9\",\"image_align\":\"left\",\"image_margin\":\"xsmall\",\"maxwidth\":\"xlarge\",\"position\":\"relative\",\"position_z_index\":\"1\",\"text_align\":\"left\",\"text_align_breakpoint\":\"m\",\"text_align_fallback\":\"center\",\"title_element\":\"h1\",\"title_style\":\"heading-small\"}},{\"type\":\"text\",\"props\":{\"block_align_breakpoint\":\"m\",\"block_align_fallback\":\"center\",\"column_breakpoint\":\"m\",\"content\":\"\n\n<div class=\\\"et_pb_module et_pb_text et_pb_text_1  et_pb_text_align_left et_pb_bg_layout_light\\\" style=\\\"box-sizing: border-box; margin: 0px 0px 23.4062px; padding: 0px; border: 0px; outline: 0px; font-size: 15px; text-size-adjust: 100%; vertical-align: baseline; background-image: initial; background-position: 50% center; background-size: cover; background-repeat: no-repeat; background-attachment: initial; background-origin: initial; background-clip: initial; position: relative; animation-timing-function: linear; animation-duration: 0.2s; overflow-wrap: break-word; color: #0d0d54; font-family: Montserrat, Helvetica, Arial, Lucida, sans-serif;\\\">\\n\n\n<div class=\\\"et_pb_text_inner\\\" style=\\\"box-sizing: border-box; margin: 0px; padding: 0px; border: 0px; outline: 0px; text-size-adjust: 100%; vertical-align: baseline; background: transparent; position: relative;\\\">\\n\n\n<p style=\\\"box-sizing: border-box; margin: 0px; padding: 0px; border: 0px; outline: 0px; text-size-adjust: 100%; vertical-align: baseline; background: transparent;\\\">Lorem ipsum dolor sit amet, consectetur adipiscing elit. Sed non risus. Suspendisse lectus tortor, dignissim sit amet, adipiscing nec, ultricies sed, dolor.<br data-start=\\\"254\\\" data-end=\\\"257\\\" \/>Cras elementum ultrices diam. Maecenas ligula massa, varius a, semper congue, euismod non, mi.<\/p>\n\n\\n<\/div>\n\n\\n<\/div>\n\n\",\"margin_bottom\":\"default\",\"margin_top\":\"default\",\"maxwidth\":\"xlarge\",\"position\":\"relative\",\"position_z_index\":\"1\",\"text_align\":\"left\",\"text_align_breakpoint\":\"m\",\"text_align_fallback\":\"center\",\"text_style\":\"lead\"}},{\"type\":\"button\",\"props\":{\"grid_column_gap\":\"small\",\"grid_row_gap\":\"small\",\"margin_bottom\":\"default\",\"margin_top\":\"default\"},\"children\":[{\"type\":\"button_item\",\"props\":{\"button_style\":\"primary\",\"content\":\"L'\u00e9quipe\",\"dialog_layout\":\"modal\",\"dialog_offcanvas_flip\":true,\"icon_align\":\"left\",\"link\":\"?page_id=4\",\"link_title\":\"Demandez une d\u00e9mo\"}}]}]},{\"type\":\"column\",\"props\":{\"image_position\":\"center-center\",\"position_sticky_breakpoint\":\"m\",\"width_medium\":\"3-5\"},\"children\":[{\"type\":\"slideshow\",\"props\":{\"link_style\":\"default\",\"link_text\":\"Read more\",\"margin_bottom\":\"default\",\"margin_top\":\"default\",\"meta_align\":\"below-title\",\"meta_element\":\"div\",\"meta_style\":\"text-meta\",\"nav\":\"\",\"nav_align\":\"center\",\"nav_breakpoint\":\"s\",\"nav_position\":\"bottom-center\",\"nav_position_margin\":\"medium\",\"overlay_animation\":\"parallax\",\"overlay_position\":\"center-left\",\"show_content\":true,\"show_link\":true,\"show_meta\":true,\"show_thumbnail\":true,\"show_title\":true,\"slidenav\":\"bottom-center\",\"slidenav_breakpoint\":\"s\",\"slidenav_large\":false,\"slidenav_margin\":\"medium\",\"slidenav_outside_breakpoint\":\"xl\",\"slideshow_autoplay_pause\":true,\"slideshow_kenburns\":\"center-center\",\"slideshow_kenburns_duration\":\"29\",\"slideshow_min_height\":300,\"thumbnav_height\":\"75\",\"thumbnav_svg_color\":\"emphasis\",\"thumbnav_width\":\"100\",\"title_element\":\"h3\",\"title_hover_style\":\"reset\"},\"children\":[{\"type\":\"slideshow_item\",\"props\":{\"image\":\"wp-content\/uploads\/yootheme\/demo\/blog-post-customer-stories-ambitech-intro.jpg\"}},{\"type\":\"slideshow_item\",\"props\":{\"image\":\"wp-content\/uploads\/yootheme\/demo\/blog-post-customer-stories-omega-intro.jpg\"}},{\"type\":\"slideshow_item\",\"props\":{\"image\":\"wp-content\/uploads\/yootheme\/demo\/blog-post-6-routines-every-saas-product-marketer-should-know-intro.jpg\"}}]}]}]},{\"type\":\"row\",\"children\":[{\"type\":\"column\",\"props\":{\"image_position\":\"center-center\",\"position_sticky_breakpoint\":\"m\"},\"children\":[{\"type\":\"image\",\"props\":{\"image\":\"wp-content\/uploads\/yootheme\/demo\/background-square-03.png\",\"image_loading\":true,\"image_svg_color\":\"emphasis\",\"image_width\":\"600\",\"margin_bottom\":\"default\",\"margin_top\":\"default\",\"position\":\"absolute\",\"position_bottom\":\"870\",\"position_right\":\"-13vw\",\"position_z_index\":\"0\",\"text_align\":\"right\",\"visibility\":\"xl\"}},{\"type\":\"image\",\"props\":{\"image\":\"wp-content\/uploads\/yootheme\/demo\/background-square-01.png\",\"image_loading\":true,\"image_svg_color\":\"emphasis\",\"image_width\":\"1100\",\"margin_bottom\":\"default\",\"margin_top\":\"default\",\"position\":\"absolute\",\"position_bottom\":\"10vh\",\"position_left\":\"-50vw\",\"position_z_index\":\"0\",\"visibility\":\"xl\"}}]}],\"props\":{\"margin_bottom\":\"remove\",\"margin_top\":\"remove\"}}],\"name\":\"Hero\"},{\"type\":\"section\",\"props\":{\"image_position\":\"center-center\",\"padding_bottom\":\"large\",\"padding_top\":\"xlarge\",\"style\":\"default\",\"title_breakpoint\":\"xl\",\"title_position\":\"top-left\",\"title_rotation\":\"left\",\"vertical_align\":\"\",\"width\":\"\"},\"children\":[{\"type\":\"row\",\"children\":[{\"type\":\"column\",\"props\":{\"image_position\":\"center-center\",\"position_sticky_breakpoint\":\"m\"},\"children\":[{\"type\":\"headline\",\"props\":{\"content\":\"Made in Normandie\",\"image_align\":\"left\",\"image_margin\":\"xsmall\",\"text_align\":\"center\",\"title_element\":\"h2\",\"title_style\":\"h1\"}},{\"type\":\"text\",\"props\":{\"block_align\":\"center\",\"column_breakpoint\":\"m\",\"content\":\"\n\n<p>CICD est situ\u00e9e \u00e0 Bretteville sur Odon (14)<\/p>\n\n\",\"margin_bottom\":\"default\",\"margin_top\":\"default\",\"maxwidth\":\"xlarge\",\"text_align\":\"center\",\"text_style\":\"lead\"}}]}],\"props\":{\"margin_bottom\":\"large\",\"margin_top\":\"large\",\"width\":\"default\"}},{\"type\":\"row\",\"children\":[{\"type\":\"column\",\"props\":{\"image_position\":\"center-center\",\"position_sticky_breakpoint\":\"m\"},\"children\":[{\"type\":\"overlay-slider\",\"props\":{\"animation\":\"fade\",\"block_align\":\"center\",\"content_margin_auto\":false,\"height_expand\":false,\"link_style\":\"default\",\"link_text\":\"Read more\",\"margin_bottom\":\"remove\",\"margin_top\":\"\",\"meta_align\":\"below-title\",\"meta_element\":\"div\",\"meta_style\":\"text-meta\",\"nav\":\"\",\"nav_align\":\"center\",\"nav_below\":true,\"nav_breakpoint\":\"s\",\"nav_position\":\"bottom-center\",\"nav_position_margin\":\"medium\",\"overlay_mode\":\"cover\",\"overlay_position\":\"center\",\"overlay_transition\":\"fade\",\"show_content\":true,\"show_hover_image\":true,\"show_hover_video\":true,\"show_link\":true,\"show_meta\":true,\"show_title\":true,\"slidenav\":\"bottom-center\",\"slidenav_breakpoint\":\"s\",\"slidenav_hover\":false,\"slidenav_margin\":\"medium\",\"slidenav_outside_breakpoint\":\"xl\",\"slider_autoplay\":true,\"slider_autoplay_pause\":true,\"slider_center\":true,\"slider_divider\":false,\"slider_gap\":\"small\",\"slider_parallax\":false,\"slider_row_align\":false,\"slider_sets\":true,\"slider_width\":\"fixed\",\"slider_width_default\":\"1-1\",\"slider_width_large\":\"4-5\",\"slider_width_medium\":\"4-5\",\"slider_width_xlarge\":\"4-5\",\"text_align\":\"center\",\"title_element\":\"h3\",\"title_hover_style\":\"reset\"},\"children\":[{\"type\":\"overlay-slider_item\",\"props\":{\"image\":\"wp-content\/uploads\/yootheme\/demo\/about-impressions-01.jpg\"}},{\"type\":\"overlay-slider_item\",\"props\":{\"image\":\"wp-content\/uploads\/yootheme\/demo\/about-impressions-02.jpg\"}},{\"type\":\"overlay-slider_item\",\"props\":{\"image\":\"wp-content\/uploads\/yootheme\/demo\/about-impressions-03.jpg\"}},{\"type\":\"overlay-slider_item\",\"props\":{\"image\":\"wp-content\/uploads\/yootheme\/demo\/about-impressions-04.jpg\"}}],\"modified\":\"2021-01-08T14:59:02.896Z\",\"name\":\"Slider\"},{\"type\":\"text\",\"props\":{\"column_breakpoint\":\"m\",\"content\":\"\n\n<p style=\\\"text-align: center;\\\">Petit texte descriptif sur le r\u00f4le de la r\u00e9gion dont tu m'avais parl\u00e9.<\/p>\n\n\",\"margin_bottom\":\"default\",\"margin_top\":\"large\"}}]}],\"props\":{\"width\":\"default\"}}],\"modified\":\"2021-01-06T11:46:05.180Z\",\"name\":\"Impressions\"},{\"type\":\"section\",\"props\":{\"animation\":\"scale-up\",\"image\":\"wp-content\/uploads\/2026\/03\/Fichier-6@4x.webp\",\"image_effect\":\"parallax\",\"image_parallax_bgy\":\"-450 50%\",\"image_parallax_easing\":\"0.8\",\"image_parallax_target\":\"![class*='uk-section-'] ~ [class*='uk-section-']\",\"image_position\":\"center-center\",\"image_width\":700,\"padding_bottom\":\"large\",\"padding_top\":\"large\",\"style\":\"muted\",\"title_breakpoint\":\"xl\",\"title_position\":\"top-left\",\"title_rotation\":\"left\",\"vertical_align\":\"middle\",\"width\":\"default\"},\"children\":[{\"type\":\"row\",\"children\":[{\"type\":\"column\",\"props\":{\"image_position\":\"center-center\",\"position_sticky_breakpoint\":\"m\"},\"children\":[{\"type\":\"headline\",\"props\":{\"content\":\"Rayonnement<span style=\\\"color: #6300ff;\\\"> \u00e0 l'internationnal<\/span>\",\"image_align\":\"left\",\"image_margin\":\"xsmall\",\"text_align\":\"center\",\"title_element\":\"h2\"}}]}]},{\"type\":\"row\",\"props\":{\"layout\":\"1-3,1-3,1-3\"},\"children\":[{\"type\":\"column\",\"props\":{\"image_position\":\"center-center\",\"position_sticky_breakpoint\":\"m\",\"width_medium\":\"1-3\"},\"children\":[{\"type\":\"image\",\"props\":{\"css\":\".el-element{\\n    min-height:350px\\n}\",\"image\":\"wp-content\/uploads\/2026\/03\/Fichier-2@2x.webp\",\"image_svg_color\":\"emphasis\",\"margin_bottom\":\"default\",\"margin_top\":\"default\"}},{\"type\":\"button\",\"props\":{\"grid_column_gap\":\"small\",\"grid_row_gap\":\"small\",\"margin_bottom\":\"default\",\"margin_top\":\"default\",\"text_align\":\"center\"},\"children\":[{\"type\":\"button_item\",\"props\":{\"button_style\":\"danger\",\"content\":\"Asie\",\"dialog_layout\":\"modal\",\"dialog_offcanvas_flip\":true,\"icon_align\":\"left\",\"link\":\"#\",\"link_title\":\"Asie\"}}]}]},{\"type\":\"column\",\"props\":{\"image_position\":\"center-center\",\"position_sticky_breakpoint\":\"m\",\"width_medium\":\"1-3\"},\"children\":[{\"type\":\"image\",\"props\":{\"css\":\".el-element{\\n    min-height:350px\\n}\",\"image\":\"wp-content\/uploads\/2026\/03\/Afrique@2x.webp\",\"image_svg_color\":\"emphasis\",\"image_width\":300,\"margin_bottom\":\"default\",\"margin_top\":\"default\",\"text_align\":\"center\"}},{\"type\":\"button\",\"props\":{\"grid_column_gap\":\"small\",\"grid_row_gap\":\"small\",\"margin_bottom\":\"default\",\"margin_top\":\"default\",\"text_align\":\"center\"},\"children\":[{\"type\":\"button_item\",\"props\":{\"button_style\":\"danger\",\"content\":\"Afrique\",\"dialog_layout\":\"modal\",\"dialog_offcanvas_flip\":true,\"icon_align\":\"left\",\"link\":\"#\",\"link_title\":\"Afrique\"}}]}]},{\"type\":\"column\",\"props\":{\"image_position\":\"center-center\",\"position_sticky_breakpoint\":\"m\",\"width_medium\":\"1-3\"},\"children\":[{\"type\":\"image\",\"props\":{\"css\":\".el-element{\\n    min-height:350px\\n}\",\"image\":\"wp-content\/uploads\/2026\/03\/amerique-sud@2x.webp\",\"image_svg_color\":\"emphasis\",\"image_width\":250,\"margin_bottom\":\"default\",\"margin_top\":\"default\",\"text_align\":\"center\"}},{\"type\":\"button\",\"props\":{\"grid_column_gap\":\"small\",\"grid_row_gap\":\"small\",\"margin_bottom\":\"default\",\"margin_top\":\"default\",\"text_align\":\"center\"},\"children\":[{\"type\":\"button_item\",\"props\":{\"button_style\":\"danger\",\"content\":\"Am\u00e9rique du sud\",\"dialog_layout\":\"modal\",\"dialog_offcanvas_flip\":true,\"icon_align\":\"left\",\"link\":\"#\",\"link_title\":\"Am\u00e9rique du sud\"}}]}]}]}],\"name\":\"Internationnal\"},{\"type\":\"section\",\"props\":{\"image_position\":\"center-center\",\"padding_bottom\":\"none\",\"padding_top\":\"xlarge\",\"style\":\"default\",\"title_breakpoint\":\"xl\",\"title_position\":\"top-left\",\"title_rotation\":\"left\",\"vertical_align\":\"\",\"width\":\"\"},\"children\":[{\"type\":\"row\",\"children\":[{\"type\":\"column\",\"props\":{\"image_position\":\"center-center\",\"position_sticky_breakpoint\":\"m\"},\"children\":[{\"type\":\"headline\",\"props\":{\"content\":\"L'\u00e9quipe\",\"image_align\":\"left\",\"image_margin\":\"xsmall\",\"text_align\":\"center\",\"title_element\":\"h2\",\"title_style\":\"h1\"}},{\"type\":\"text\",\"props\":{\"block_align\":\"center\",\"column_breakpoint\":\"m\",\"content\":\"\n\n<p>CICD est une PME locale de 37 collaborateurs exp\u00e9riment\u00e9s<\/p>\n\n\",\"margin_bottom\":\"default\",\"margin_top\":\"default\",\"maxwidth\":\"xlarge\",\"text_align\":\"center\",\"text_style\":\"lead\"}}]}],\"props\":{\"margin_bottom\":\"large\",\"margin_top\":\"large\",\"width\":\"default\"}},{\"type\":\"row\",\"children\":[{\"type\":\"column\",\"props\":{\"image_position\":\"center-center\",\"position_sticky_breakpoint\":\"m\"},\"children\":[{\"type\":\"overlay-slider\",\"props\":{\"content_style\":\"text-meta\",\"css\":\".el-meta {color:#fff!important;}\\n.el-content{color:#fff!important;}\\n.el-title{color:#fff!important;}\",\"link_style\":\"default\",\"link_text\":\"Read more\",\"margin_bottom\":\"default\",\"margin_top\":\"default\",\"meta_align\":\"below-title\",\"meta_color\":\"emphasis\",\"meta_element\":\"div\",\"meta_style\":\"text-small\",\"nav\":\"\",\"nav_align\":\"center\",\"nav_below\":true,\"nav_breakpoint\":\"s\",\"nav_position\":\"bottom-center\",\"nav_position_margin\":\"medium\",\"overlay_display\":\"hover\",\"overlay_mode\":\"cover\",\"overlay_padding\":\"large\",\"overlay_position\":\"center\",\"overlay_style\":\"overlay-primary\",\"overlay_transition\":\"fade\",\"show_content\":true,\"show_hover_image\":true,\"show_hover_video\":true,\"show_link\":true,\"show_meta\":true,\"show_title\":true,\"slidenav\":\"bottom-center\",\"slidenav_breakpoint\":\"s\",\"slidenav_hover\":false,\"slidenav_large\":false,\"slidenav_margin\":\"medium\",\"slidenav_outside_breakpoint\":\"xl\",\"slider_autoplay_pause\":true,\"slider_gap\":\"default\",\"slider_sets\":false,\"slider_width\":\"fixed\",\"slider_width_default\":\"1-1\",\"slider_width_medium\":\"1-3\",\"text_align\":\"center\",\"title_element\":\"h3\",\"title_hover_style\":\"reset\",\"title_style\":\"h2\"},\"children\":[{\"type\":\"overlay-slider_item\",\"props\":{\"content\":\"\n\n<p>Pellentesque euismod, nunc at tincidunt tincidunt, risus libero lacinia nunc, sit amet cursus purus odio a justo. Integer non sapien ac urna tincidunt sollicitudin.<\/p>\n\n\",\"image\":\"wp-content\/uploads\/yootheme\/demo\/blog-post-customer-stories-fullstack-intro.jpg\",\"meta\":\"Poste occup\u00e9\",\"title\":\"Camille\"}},{\"type\":\"overlay-slider_item\",\"props\":{\"content\":\"\n\n<p>Pellentesque euismod, nunc at tincidunt tincidunt, risus libero lacinia nunc, sit amet cursus purus odio a justo. Integer non sapien ac urna tincidunt sollicitudin.<\/p>\n\n\",\"image\":\"wp-content\/uploads\/yootheme\/demo\/blog-post-customer-stories-fullstack-intro.jpg\",\"meta\":\"Poste occup\u00e9\",\"title\":\"Camille\"}},{\"type\":\"overlay-slider_item\",\"props\":{\"content\":\"\n\n<p>Pellentesque euismod, nunc at tincidunt tincidunt, risus libero lacinia nunc, sit amet cursus purus odio a justo. Integer non sapien ac urna tincidunt sollicitudin.<\/p>\n\n\",\"image\":\"wp-content\/uploads\/yootheme\/demo\/blog-post-customer-stories-fullstack-intro.jpg\",\"meta\":\"Poste occup\u00e9\",\"title\":\"Camille\"}},{\"type\":\"overlay-slider_item\",\"props\":{\"content\":\"\n\n<p>Pellentesque euismod, nunc at tincidunt tincidunt, risus libero lacinia nunc, sit amet cursus purus odio a justo. Integer non sapien ac urna tincidunt sollicitudin.<\/p>\n\n\",\"image\":\"wp-content\/uploads\/yootheme\/demo\/blog-post-customer-stories-fullstack-intro.jpg\",\"meta\":\"Poste occup\u00e9\",\"title\":\"Camille\"}}]}]}]}],\"modified\":\"2021-01-06T11:46:05.180Z\",\"name\":\"Impressions\"},{\"type\":\"section\",\"props\":{\"image_position\":\"center-center\",\"padding_bottom\":\"none\",\"padding_top\":\"large\",\"style\":\"default\",\"title_breakpoint\":\"xl\",\"title_position\":\"top-left\",\"title_rotation\":\"left\",\"vertical_align\":\"\",\"width\":\"large\"},\"children\":[{\"type\":\"row\",\"children\":[{\"type\":\"column\",\"props\":{\"image_position\":\"center-center\",\"position_sticky_breakpoint\":\"m\"},\"children\":[{\"type\":\"headline\",\"props\":{\"content\":\"Vous souhaitez rejoindre l'\u00e9quipe ?\",\"image_align\":\"left\",\"image_margin\":\"xsmall\",\"text_align\":\"center\",\"title_element\":\"h2\"}},{\"type\":\"button\",\"props\":{\"button_size\":\"large\",\"grid_column_gap\":\"small\",\"grid_row_gap\":\"small\",\"margin_bottom\":\"large\",\"margin_top\":\"large\",\"text_align\":\"center\"},\"children\":[{\"type\":\"button_item\",\"props\":{\"button_style\":\"primary\",\"content\":\"Contactez-nous\",\"dialog_layout\":\"modal\",\"dialog_offcanvas_flip\":true,\"icon_align\":\"left\",\"link\":\"?page_id=3#open-positions\"}}]},{\"type\":\"divider\",\"props\":{\"divider_element\":\"hr\",\"margin_bottom\":\"xlarge\",\"margin_top\":\"xlarge\"}}]}]}],\"name\":\"Call to Action\"}],\"version\":\"5.0.19\"} --><\/p>\n","protected":false},"excerpt":{"rendered":"<p>La soci\u00e9t\u00e9 Lorem ipsum dolor sit amet, consectetur adipiscing elit. Sed non risus. Suspendisse lectus tortor, dignissim sit amet, adipiscing nec, ultricies sed, dolor.Cras elementum ultrices diam. Maecenas ligula massa, varius a, semper congue, euismod non, mi. L&rsquo;\u00e9quipe Made in Normandie CICD est situ\u00e9e \u00e0 Bretteville sur Odon (14) Petit texte descriptif sur le r\u00f4le [&hellip;]<\/p>\n","protected":false},"author":2,"featured_media":0,"parent":0,"menu_order":9,"comment_status":"closed","ping_status":"closed","template":"","meta":{"_acf_changed":false,"footnotes":""},"class_list":["post-2361","page","type-page","status-publish","hentry"],"acf":[],"_links":{"self":[{"href":"https:\/\/cicd2026.klik-studio.fr\/index.php?rest_route=\/wp\/v2\/pages\/2361","targetHints":{"allow":["GET"]}}],"collection":[{"href":"https:\/\/cicd2026.klik-studio.fr\/index.php?rest_route=\/wp\/v2\/pages"}],"about":[{"href":"https:\/\/cicd2026.klik-studio.fr\/index.php?rest_route=\/wp\/v2\/types\/page"}],"author":[{"embeddable":true,"href":"https:\/\/cicd2026.klik-studio.fr\/index.php?rest_route=\/wp\/v2\/users\/2"}],"replies":[{"embeddable":true,"href":"https:\/\/cicd2026.klik-studio.fr\/index.php?rest_route=%2Fwp%2Fv2%2Fcomments&post=2361"}],"version-history":[{"count":19,"href":"https:\/\/cicd2026.klik-studio.fr\/index.php?rest_route=\/wp\/v2\/pages\/2361\/revisions"}],"predecessor-version":[{"id":2419,"href":"https:\/\/cicd2026.klik-studio.fr\/index.php?rest_route=\/wp\/v2\/pages\/2361\/revisions\/2419"}],"wp:attachment":[{"href":"https:\/\/cicd2026.klik-studio.fr\/index.php?rest_route=%2Fwp%2Fv2%2Fmedia&parent=2361"}],"curies":[{"name":"wp","href":"https:\/\/api.w.org\/{rel}","templated":true}]}}